{"id":4247,"date":"2023-07-05T23:42:48","date_gmt":"2023-07-05T21:42:48","guid":{"rendered":"https:\/\/aragonalimentacion.com\/aragon-food-nutrition-cluster\/"},"modified":"2023-11-01T12:30:16","modified_gmt":"2023-11-01T11:30:16","slug":"aragon-food-nutrition-cluster","status":"publish","type":"page","link":"https:\/\/aragonalimentacion.com\/en\/","title":{"rendered":"Aragon Food &amp; Nutrition Cluster"},"content":{"rendered":"\t\t<div data-elementor-type=\"wp-page\" data-elementor-id=\"4247\" class=\"elementor elementor-4247 elementor-65\" data-elementor-post-type=\"page\">\n\t\t\t\t<div class=\"elementor-element elementor-element-fe94839 e-con-full e-flex e-con e-parent\" data-id=\"fe94839\" data-element_type=\"container\" data-settings=\"{&quot;background_background&quot;:&quot;video&quot;,&quot;jet_parallax_layout_list&quot;:[]}\">\n\t\t\t\t<div class=\"elementor-element elementor-element-5d0bc66 elementor-widget elementor-widget-video\" data-id=\"5d0bc66\" data-element_type=\"widget\" data-settings=\"{&quot;youtube_url&quot;:&quot;https:\\\/\\\/youtu.be\\\/hM_Hqtp_uuc&quot;,&quot;autoplay&quot;:&quot;yes&quot;,&quot;play_on_mobile&quot;:&quot;yes&quot;,&quot;lazy_load&quot;:&quot;yes&quot;,&quot;video_type&quot;:&quot;youtube&quot;}\" data-widget_type=\"video.default\">\n\t\t\t\t<div class=\"elementor-widget-container\">\n\t\t\t\t\t\t\t<div class=\"elementor-wrapper elementor-open-inline\">\n\t\t\t<div class=\"elementor-video\"><\/div>\t\t<\/div>\n\t\t\t\t\t\t<\/div>\n\t\t\t\t<\/div>\n\t\t\t\t<\/div>\n\t\t<div class=\"elementor-element elementor-element-ec7f773 banner_home e-flex e-con-boxed e-con e-parent\" data-id=\"ec7f773\" data-element_type=\"container\" data-settings=\"{&quot;jet_parallax_layout_list&quot;:[],&quot;background_background&quot;:&quot;classic&quot;}\">\n\t\t\t\t\t<div class=\"e-con-inner\">\n\t\t<div class=\"elementor-element elementor-element-3dd5bb1 e-con-full e-flex e-con e-parent\" data-id=\"3dd5bb1\" data-element_type=\"container\" data-settings=\"{&quot;jet_parallax_layout_list&quot;:[]}\">\n\t\t\t\t<div class=\"elementor-element elementor-element-3d9ff39 elementor-widget elementor-widget-heading\" data-id=\"3d9ff39\" data-element_type=\"widget\" data-widget_type=\"heading.default\">\n\t\t\t\t<div class=\"elementor-widget-container\">\n\t\t\t\t\t<h1 class=\"elementor-heading-title elementor-size-default\">FOOD\u2022NUTRITION<\/h1>\t\t\t\t<\/div>\n\t\t\t\t<\/div>\n\t\t\t\t<div class=\"elementor-element elementor-element-41eb5fd elementor-widget elementor-widget-heading\" data-id=\"41eb5fd\" data-element_type=\"widget\" data-widget_type=\"heading.default\">\n\t\t\t\t<div class=\"elementor-widget-container\">\n\t\t\t\t\t<h2 class=\"elementor-heading-title elementor-size-default\">Co-creation, innovation and transformation of the Aragon food system<\/h2>\t\t\t\t<\/div>\n\t\t\t\t<\/div>\n\t\t\t\t<\/div>\n\t\t<div class=\"elementor-element elementor-element-3e2bad3 e-flex e-con-boxed e-con e-parent\" data-id=\"3e2bad3\" data-element_type=\"container\" data-settings=\"{&quot;jet_parallax_layout_list&quot;:[],&quot;background_background&quot;:&quot;classic&quot;}\">\n\t\t\t\t\t<div class=\"e-con-inner\">\n\t\t<div class=\"elementor-element elementor-element-541c1d2 e-flex e-con-boxed e-con e-parent\" data-id=\"541c1d2\" data-element_type=\"container\" data-settings=\"{&quot;jet_parallax_layout_list&quot;:[]}\">\n\t\t\t\t\t<div class=\"e-con-inner\">\n\t\t\t\t<div class=\"elementor-element elementor-element-5fd2f86 elementor-widget elementor-widget-slides\" data-id=\"5fd2f86\" data-element_type=\"widget\" data-settings=\"{&quot;navigation&quot;:&quot;none&quot;,&quot;transition&quot;:&quot;fade&quot;,&quot;autoplay&quot;:&quot;yes&quot;,&quot;pause_on_hover&quot;:&quot;yes&quot;,&quot;pause_on_interaction&quot;:&quot;yes&quot;,&quot;autoplay_speed&quot;:5000,&quot;infinite&quot;:&quot;yes&quot;,&quot;transition_speed&quot;:500}\" data-widget_type=\"slides.default\">\n\t\t\t\t<div class=\"elementor-widget-container\">\n\t\t\t\t\t\t\t\t\t<div class=\"elementor-swiper\">\n\t\t\t\t\t<div class=\"elementor-slides-wrapper elementor-main-swiper swiper\" role=\"region\" aria-roledescription=\"carousel\" aria-label=\"Slides\" dir=\"ltr\" data-animation=\"fadeInUp\">\n\t\t\t\t<div class=\"swiper-wrapper elementor-slides\">\n\t\t\t\t\t\t\t\t\t\t<div class=\"elementor-repeater-item-012d405 swiper-slide\" role=\"group\" aria-roledescription=\"slide\"><div class=\"swiper-slide-bg\" role=\"img\" aria-label=\"amanecer_home\"><\/div><div class=\"swiper-slide-inner\" ><div class=\"swiper-slide-contents\"><\/div><\/div><\/div>\t\t\t\t<\/div>\n\t\t\t\t\t\t\t<\/div>\n\t\t\t\t<\/div>\n\t\t\t\t\t\t\t\t<\/div>\n\t\t\t\t<\/div>\n\t\t\t\t<div class=\"elementor-element elementor-element-d4ab1bb elementor-widget__width-inherit elementor-absolute elementor-widget elementor-widget-html\" data-id=\"d4ab1bb\" data-element_type=\"widget\" data-settings=\"{&quot;_position&quot;:&quot;absolute&quot;}\" data-widget_type=\"html.default\">\n\t\t\t\t<div class=\"elementor-widget-container\">\n\t\t\t\t\t<div class=\"wrappersvg\">\n  <svg xmlns=\"http:\/\/www.w3.org\/2000\/svg\" x=\"0px\" y=\"0px\" viewbox=\"0 0 288 288\">    \n    <path fill=\"#e3dfd678\">\n        <animate repeatcount=\"indefinite\" attributename=\"d\" dur=\"10s\" values=\"M37.5,186c-12.1-10.5-11.8-32.3-7.2-46.7c4.8-15,13.1-17.8,30.1-36.7C91,68.8,83.5,56.7,103.4,45 c22.2-13.1,51.1-9.5,69.6-1.6c18.1,7.8,15.7,15.3,43.3,33.2c28.8,18.8,37.2,14.3,46.7,27.9c15.6,22.3,6.4,53.3,4.4,60.2 c-3.3,11.2-7.1,23.9-18.5,32c-16.3,11.5-29.5,0.7-48.6,11c-16.2,8.7-12.6,19.7-28.2,33.2c-22.7,19.7-63.8,25.7-79.9,9.7 c-15.2-15.1,0.3-41.7-16.6-54.9C63,186,49.7,196.7,37.5,186z; M51,171.3c-6.1-17.7-15.3-17.2-20.7-32c-8-21.9,0.7-54.6,20.7-67.1c19.5-12.3,32.8,5.5,67.7-3.4C145.2,62,145,49.9,173,43.4 c12-2.8,41.4-9.6,60.2,6.6c19,16.4,16.7,47.5,16,57.7c-1.7,22.8-10.3,25.5-9.4,46.4c1,22.5,11.2,25.8,9.1,42.6 c-2.2,17.6-16.3,37.5-33.5,40.8c-22,4.1-29.4-22.4-54.9-22.6c-31-0.2-40.8,39-68.3,35.7c-17.3-2-32.2-19.8-37.3-34.8 C48.9,198.6,57.8,191,51,171.3z; M37.5,186c-12.1-10.5-11.8-32.3-7.2-46.7c4.8-15,13.1-17.8,30.1-36.7C91,68.8,83.5,56.7,103.4,45 c22.2-13.1,51.1-9.5,69.6-1.6c18.1,7.8,15.7,15.3,43.3,33.2c28.8,18.8,37.2,14.3,46.7,27.9c15.6,22.3,6.4,53.3,4.4,60.2 c-3.3,11.2-7.1,23.9-18.5,32c-16.3,11.5-29.5,0.7-48.6,11c-16.2,8.7-12.6,19.7-28.2,33.2c-22.7,19.7-63.8,25.7-79.9,9.7 c-15.2-15.1,0.3-41.7-16.6-54.9C63,186,49.7,196.7,37.5,186z  \"><\/animate>\n    <\/path>\n  <\/svg>\n<\/div>\n<style>\n    .wrappersvg {\n        width: 70%;\n        padding-top: 140px;\n        margin: 0 auto;\n    }\n<\/style>\n\t\t\t\t<\/div>\n\t\t\t\t<\/div>\n\t\t\t\t\t<\/div>\n\t\t\t\t<\/div>\n\t\t\t\t\t<\/div>\n\t\t\t\t<\/div>\n\t\t\t\t\t<\/div>\n\t\t\t\t<\/div>\n\t\t<div class=\"elementor-element elementor-element-f984898 e-flex e-con-boxed e-con e-parent\" data-id=\"f984898\" data-element_type=\"container\" data-settings=\"{&quot;background_background&quot;:&quot;classic&quot;,&quot;jet_parallax_layout_list&quot;:[]}\">\n\t\t\t\t\t<div class=\"e-con-inner\">\n\t\t\t\t<div class=\"elementor-element elementor-element-9903ba5 elementor-widget elementor-widget-heading\" data-id=\"9903ba5\" data-element_type=\"widget\" data-widget_type=\"heading.default\">\n\t\t\t\t<div class=\"elementor-widget-container\">\n\t\t\t\t\t<h2 class=\"elementor-heading-title elementor-size-default\">We promote innovation, towards a sustainable food system <br>and healthy nutrition<\/h2>\t\t\t\t<\/div>\n\t\t\t\t<\/div>\n\t\t\t\t\t<\/div>\n\t\t\t\t<\/div>\n\t\t<div class=\"elementor-element elementor-element-364e614 e-flex e-con-boxed e-con e-parent\" data-id=\"364e614\" data-element_type=\"container\" data-settings=\"{&quot;background_background&quot;:&quot;classic&quot;,&quot;jet_parallax_layout_list&quot;:[]}\">\n\t\t\t\t\t<div class=\"e-con-inner\">\n\t\t<div class=\"elementor-element elementor-element-6d13f35 e-con-full e-flex e-con e-parent\" data-id=\"6d13f35\" data-element_type=\"container\" data-settings=\"{&quot;jet_parallax_layout_list&quot;:[]}\">\n\t\t\t\t<div class=\"elementor-element elementor-element-9c54b8f elementor-widget elementor-widget-heading\" data-id=\"9c54b8f\" data-element_type=\"widget\" data-widget_type=\"heading.default\">\n\t\t\t\t<div class=\"elementor-widget-container\">\n\t\t\t\t\t<h2 class=\"elementor-heading-title elementor-size-default\">We boost the competitiveness and business growth of the agri-food sector in Aragon<\/h2>\t\t\t\t<\/div>\n\t\t\t\t<\/div>\n\t\t\t\t<div class=\"elementor-element elementor-element-fad93b8 elementor-widget elementor-widget-heading\" data-id=\"fad93b8\" data-element_type=\"widget\" data-widget_type=\"heading.default\">\n\t\t\t\t<div class=\"elementor-widget-container\">\n\t\t\t\t\t<p class=\"elementor-heading-title elementor-size-default\">The Aragon Food and Nutrition Cluster represents more than 50% of the sector's turnover in the region and is made up of 65 companies. <br><br>\nWe promote the process of transformation of the food system, throughout the entire value chain and towards a more sustainable and innovative model <\/p>\t\t\t\t<\/div>\n\t\t\t\t<\/div>\n\t\t\t\t<\/div>\n\t\t<div class=\"elementor-element elementor-element-90df06a e-flex e-con-boxed e-con e-parent\" data-id=\"90df06a\" data-element_type=\"container\" data-settings=\"{&quot;jet_parallax_layout_list&quot;:[]}\">\n\t\t\t\t\t<div class=\"e-con-inner\">\n\t\t\t\t<div class=\"elementor-element elementor-element-d0b6196 elementor--h-position-center elementor--v-position-middle elementor-widget elementor-widget-slides\" data-id=\"d0b6196\" data-element_type=\"widget\" data-settings=\"{&quot;navigation&quot;:&quot;none&quot;,&quot;transition&quot;:&quot;fade&quot;,&quot;autoplay&quot;:&quot;yes&quot;,&quot;pause_on_hover&quot;:&quot;yes&quot;,&quot;pause_on_interaction&quot;:&quot;yes&quot;,&quot;autoplay_speed&quot;:5000,&quot;infinite&quot;:&quot;yes&quot;,&quot;transition_speed&quot;:500}\" data-widget_type=\"slides.default\">\n\t\t\t\t<div class=\"elementor-widget-container\">\n\t\t\t\t\t\t\t\t\t<div class=\"elementor-swiper\">\n\t\t\t\t\t<div class=\"elementor-slides-wrapper elementor-main-swiper swiper\" role=\"region\" aria-roledescription=\"carousel\" aria-label=\"Slides\" dir=\"ltr\" data-animation=\"fadeInUp\">\n\t\t\t\t<div class=\"swiper-wrapper elementor-slides\">\n\t\t\t\t\t\t\t\t\t\t<div class=\"elementor-repeater-item-012d405 swiper-slide\" role=\"group\" aria-roledescription=\"slide\"><div class=\"swiper-slide-bg\" role=\"img\" aria-label=\"Meat processing equipment. Food products meat chicken fillet production line in plastic packaging on the conveyor.Automated production line with packaging and cutting of meat in modern food factory.\"><\/div><div class=\"swiper-slide-inner\" ><div class=\"swiper-slide-contents\"><\/div><\/div><\/div><div class=\"elementor-repeater-item-e739986 swiper-slide\" role=\"group\" aria-roledescription=\"slide\"><div class=\"swiper-slide-bg\" role=\"img\" aria-label=\"Biotechnology concept. Food tech. Nutritional science.\"><\/div><div class=\"swiper-slide-inner\" ><div class=\"swiper-slide-contents\"><\/div><\/div><\/div><div class=\"elementor-repeater-item-fd12523 swiper-slide\" role=\"group\" aria-roledescription=\"slide\"><div class=\"swiper-slide-bg\" role=\"img\" aria-label=\"The concept of using AI and smart farming\"><\/div><div class=\"swiper-slide-inner\" ><div class=\"swiper-slide-contents\"><\/div><\/div><\/div>\t\t\t\t<\/div>\n\t\t\t\t\t\t\t\t\t\t\t\t\t\t\t\t\t\t\t\t\t<\/div>\n\t\t\t\t<\/div>\n\t\t\t\t\t\t\t\t<\/div>\n\t\t\t\t<\/div>\n\t\t\t\t<div class=\"elementor-element elementor-element-c363ca1 elementor-widget__width-inherit elementor-absolute elementor-widget elementor-widget-html\" data-id=\"c363ca1\" data-element_type=\"widget\" data-settings=\"{&quot;_position&quot;:&quot;absolute&quot;}\" data-widget_type=\"html.default\">\n\t\t\t\t<div class=\"elementor-widget-container\">\n\t\t\t\t\t<div class=\"wrappersvg\">\n  <svg xmlns=\"http:\/\/www.w3.org\/2000\/svg\" x=\"0px\" y=\"0px\" viewbox=\"0 0 288 288\">    \n    <path fill=\"#e3dfd678\">\n        <animate repeatcount=\"indefinite\" attributename=\"d\" dur=\"10s\" values=\"M37.5,186c-12.1-10.5-11.8-32.3-7.2-46.7c4.8-15,13.1-17.8,30.1-36.7C91,68.8,83.5,56.7,103.4,45 c22.2-13.1,51.1-9.5,69.6-1.6c18.1,7.8,15.7,15.3,43.3,33.2c28.8,18.8,37.2,14.3,46.7,27.9c15.6,22.3,6.4,53.3,4.4,60.2 c-3.3,11.2-7.1,23.9-18.5,32c-16.3,11.5-29.5,0.7-48.6,11c-16.2,8.7-12.6,19.7-28.2,33.2c-22.7,19.7-63.8,25.7-79.9,9.7 c-15.2-15.1,0.3-41.7-16.6-54.9C63,186,49.7,196.7,37.5,186z; M51,171.3c-6.1-17.7-15.3-17.2-20.7-32c-8-21.9,0.7-54.6,20.7-67.1c19.5-12.3,32.8,5.5,67.7-3.4C145.2,62,145,49.9,173,43.4 c12-2.8,41.4-9.6,60.2,6.6c19,16.4,16.7,47.5,16,57.7c-1.7,22.8-10.3,25.5-9.4,46.4c1,22.5,11.2,25.8,9.1,42.6 c-2.2,17.6-16.3,37.5-33.5,40.8c-22,4.1-29.4-22.4-54.9-22.6c-31-0.2-40.8,39-68.3,35.7c-17.3-2-32.2-19.8-37.3-34.8 C48.9,198.6,57.8,191,51,171.3z; M37.5,186c-12.1-10.5-11.8-32.3-7.2-46.7c4.8-15,13.1-17.8,30.1-36.7C91,68.8,83.5,56.7,103.4,45 c22.2-13.1,51.1-9.5,69.6-1.6c18.1,7.8,15.7,15.3,43.3,33.2c28.8,18.8,37.2,14.3,46.7,27.9c15.6,22.3,6.4,53.3,4.4,60.2 c-3.3,11.2-7.1,23.9-18.5,32c-16.3,11.5-29.5,0.7-48.6,11c-16.2,8.7-12.6,19.7-28.2,33.2c-22.7,19.7-63.8,25.7-79.9,9.7 c-15.2-15.1,0.3-41.7-16.6-54.9C63,186,49.7,196.7,37.5,186z  \"><\/animate>\n    <\/path>\n  <\/svg>\n<\/div>\n<style>\n    .wrappersvg {\n        width: 90%;\n        margin: 0 auto;\n    }\n<\/style>\n\t\t\t\t<\/div>\n\t\t\t\t<\/div>\n\t\t\t\t\t<\/div>\n\t\t\t\t<\/div>\n\t\t\t\t\t<\/div>\n\t\t\t\t<\/div>\n\t\t\t\t<\/div>\n\t\t","protected":false},"excerpt":{"rendered":"<p>FOOD\u2022NUTRITION Co-creation, innovation and transformation of the Aragon food system We promote innovation, towards a sustainable food system and healthy nutrition We boost the competitiveness and business growth of the agri-food sector in Aragon The Aragon Food and Nutrition Cluster represents more than 50% of the sector&#8217;s turnover in the region and is made up [&hellip;]<\/p>\n","protected":false},"author":1,"featured_media":0,"parent":0,"menu_order":0,"comment_status":"closed","ping_status":"closed","template":"","meta":{"inline_featured_image":false,"footnotes":""},"class_list":["post-4247","page","type-page","status-publish","hentry"],"yoast_head":"<!-- This site is optimized with the Yoast SEO plugin v26.8 - https:\/\/yoast.com\/product\/yoast-seo-wordpress\/ -->\n<title>Aragon Food &amp; Nutrition Cluster - Food\u2022Nutrition Aragon Cluster<\/title>\n<meta name=\"robots\" content=\"index, follow, max-snippet:-1, max-image-preview:large, max-video-preview:-1\" \/>\n<link rel=\"canonical\" href=\"https:\/\/aragonalimentacion.com\/en\/\" \/>\n<meta property=\"og:locale\" content=\"en_US\" \/>\n<meta property=\"og:type\" content=\"article\" \/>\n<meta property=\"og:title\" content=\"Aragon Food &amp; Nutrition Cluster - Food\u2022Nutrition Aragon Cluster\" \/>\n<meta property=\"og:description\" content=\"FOOD\u2022NUTRITION Co-creation, innovation and transformation of the Aragon food system We promote innovation, towards a sustainable food system and healthy nutrition We boost the competitiveness and business growth of the agri-food sector in Aragon The Aragon Food and Nutrition Cluster represents more than 50% of the sector&#8217;s turnover in the region and is made up [&hellip;]\" \/>\n<meta property=\"og:url\" content=\"https:\/\/aragonalimentacion.com\/en\/\" \/>\n<meta property=\"og:site_name\" content=\"Food\u2022Nutrition Aragon Cluster\" \/>\n<meta property=\"article:modified_time\" content=\"2023-11-01T11:30:16+00:00\" \/>\n<meta name=\"twitter:card\" content=\"summary_large_image\" \/>\n<meta name=\"twitter:site\" content=\"@alimentacluster\" \/>\n<script type=\"application\/ld+json\" class=\"yoast-schema-graph\">{\"@context\":\"https:\/\/schema.org\",\"@graph\":[{\"@type\":\"WebPage\",\"@id\":\"https:\/\/aragonalimentacion.com\/en\/\",\"url\":\"https:\/\/aragonalimentacion.com\/en\/\",\"name\":\"Aragon Food &amp; Nutrition Cluster - Food\u2022Nutrition Aragon Cluster\",\"isPartOf\":{\"@id\":\"https:\/\/aragonalimentacion.com\/#website\"},\"datePublished\":\"2023-07-05T21:42:48+00:00\",\"dateModified\":\"2023-11-01T11:30:16+00:00\",\"breadcrumb\":{\"@id\":\"https:\/\/aragonalimentacion.com\/en\/#breadcrumb\"},\"inLanguage\":\"en-US\",\"potentialAction\":[{\"@type\":\"ReadAction\",\"target\":[\"https:\/\/aragonalimentacion.com\/en\/\"]}]},{\"@type\":\"BreadcrumbList\",\"@id\":\"https:\/\/aragonalimentacion.com\/en\/#breadcrumb\",\"itemListElement\":[{\"@type\":\"ListItem\",\"position\":1,\"name\":\"Home\",\"item\":\"https:\/\/aragonalimentacion.com\/en\/\"},{\"@type\":\"ListItem\",\"position\":2,\"name\":\"Aragon Food &amp; Nutrition Cluster\"}]},{\"@type\":\"WebSite\",\"@id\":\"https:\/\/aragonalimentacion.com\/#website\",\"url\":\"https:\/\/aragonalimentacion.com\/\",\"name\":\"Cl\u00faster de Alimentaci\u00f3n y Nutrici\u00f3n de Arag\u00f3n\",\"description\":\"Potenciamos la innovaci\u00f3n, el desarrollo sostenible y la internacionalizaci\u00f3n de la industria alimentaria de Arag\u00f3n\",\"publisher\":{\"@id\":\"https:\/\/aragonalimentacion.com\/#organization\"},\"potentialAction\":[{\"@type\":\"SearchAction\",\"target\":{\"@type\":\"EntryPoint\",\"urlTemplate\":\"https:\/\/aragonalimentacion.com\/?s={search_term_string}\"},\"query-input\":{\"@type\":\"PropertyValueSpecification\",\"valueRequired\":true,\"valueName\":\"search_term_string\"}}],\"inLanguage\":\"en-US\"},{\"@type\":\"Organization\",\"@id\":\"https:\/\/aragonalimentacion.com\/#organization\",\"name\":\"Cl\u00faster de Alimentaci\u00f3n y Nutrici\u00f3n de Arag\u00f3n\",\"url\":\"https:\/\/aragonalimentacion.com\/\",\"logo\":{\"@type\":\"ImageObject\",\"inLanguage\":\"en-US\",\"@id\":\"https:\/\/aragonalimentacion.com\/#\/schema\/logo\/image\/\",\"url\":\"https:\/\/aragonalimentacion.com\/wp-content\/uploads\/2023\/07\/logo_aragon_positivo.svg\",\"contentUrl\":\"https:\/\/aragonalimentacion.com\/wp-content\/uploads\/2023\/07\/logo_aragon_positivo.svg\",\"width\":981.67,\"height\":730.49,\"caption\":\"Cl\u00faster de Alimentaci\u00f3n y Nutrici\u00f3n de Arag\u00f3n\"},\"image\":{\"@id\":\"https:\/\/aragonalimentacion.com\/#\/schema\/logo\/image\/\"},\"sameAs\":[\"https:\/\/x.com\/alimentacluster\",\"https:\/\/es.linkedin.com\/company\/cluster-aragones-de-alimentacion\"]}]}<\/script>\n<!-- \/ Yoast SEO plugin. -->","yoast_head_json":{"title":"Aragon Food &amp; Nutrition Cluster - Food\u2022Nutrition Aragon Cluster","robots":{"index":"index","follow":"follow","max-snippet":"max-snippet:-1","max-image-preview":"max-image-preview:large","max-video-preview":"max-video-preview:-1"},"canonical":"https:\/\/aragonalimentacion.com\/en\/","og_locale":"en_US","og_type":"article","og_title":"Aragon Food &amp; Nutrition Cluster - Food\u2022Nutrition Aragon Cluster","og_description":"FOOD\u2022NUTRITION Co-creation, innovation and transformation of the Aragon food system We promote innovation, towards a sustainable food system and healthy nutrition We boost the competitiveness and business growth of the agri-food sector in Aragon The Aragon Food and Nutrition Cluster represents more than 50% of the sector&#8217;s turnover in the region and is made up [&hellip;]","og_url":"https:\/\/aragonalimentacion.com\/en\/","og_site_name":"Food\u2022Nutrition Aragon Cluster","article_modified_time":"2023-11-01T11:30:16+00:00","twitter_card":"summary_large_image","twitter_site":"@alimentacluster","schema":{"@context":"https:\/\/schema.org","@graph":[{"@type":"WebPage","@id":"https:\/\/aragonalimentacion.com\/en\/","url":"https:\/\/aragonalimentacion.com\/en\/","name":"Aragon Food &amp; Nutrition Cluster - Food\u2022Nutrition Aragon Cluster","isPartOf":{"@id":"https:\/\/aragonalimentacion.com\/#website"},"datePublished":"2023-07-05T21:42:48+00:00","dateModified":"2023-11-01T11:30:16+00:00","breadcrumb":{"@id":"https:\/\/aragonalimentacion.com\/en\/#breadcrumb"},"inLanguage":"en-US","potentialAction":[{"@type":"ReadAction","target":["https:\/\/aragonalimentacion.com\/en\/"]}]},{"@type":"BreadcrumbList","@id":"https:\/\/aragonalimentacion.com\/en\/#breadcrumb","itemListElement":[{"@type":"ListItem","position":1,"name":"Home","item":"https:\/\/aragonalimentacion.com\/en\/"},{"@type":"ListItem","position":2,"name":"Aragon Food &amp; Nutrition Cluster"}]},{"@type":"WebSite","@id":"https:\/\/aragonalimentacion.com\/#website","url":"https:\/\/aragonalimentacion.com\/","name":"Cl\u00faster de Alimentaci\u00f3n y Nutrici\u00f3n de Arag\u00f3n","description":"Potenciamos la innovaci\u00f3n, el desarrollo sostenible y la internacionalizaci\u00f3n de la industria alimentaria de Arag\u00f3n","publisher":{"@id":"https:\/\/aragonalimentacion.com\/#organization"},"potentialAction":[{"@type":"SearchAction","target":{"@type":"EntryPoint","urlTemplate":"https:\/\/aragonalimentacion.com\/?s={search_term_string}"},"query-input":{"@type":"PropertyValueSpecification","valueRequired":true,"valueName":"search_term_string"}}],"inLanguage":"en-US"},{"@type":"Organization","@id":"https:\/\/aragonalimentacion.com\/#organization","name":"Cl\u00faster de Alimentaci\u00f3n y Nutrici\u00f3n de Arag\u00f3n","url":"https:\/\/aragonalimentacion.com\/","logo":{"@type":"ImageObject","inLanguage":"en-US","@id":"https:\/\/aragonalimentacion.com\/#\/schema\/logo\/image\/","url":"https:\/\/aragonalimentacion.com\/wp-content\/uploads\/2023\/07\/logo_aragon_positivo.svg","contentUrl":"https:\/\/aragonalimentacion.com\/wp-content\/uploads\/2023\/07\/logo_aragon_positivo.svg","width":981.67,"height":730.49,"caption":"Cl\u00faster de Alimentaci\u00f3n y Nutrici\u00f3n de Arag\u00f3n"},"image":{"@id":"https:\/\/aragonalimentacion.com\/#\/schema\/logo\/image\/"},"sameAs":["https:\/\/x.com\/alimentacluster","https:\/\/es.linkedin.com\/company\/cluster-aragones-de-alimentacion"]}]}},"_links":{"self":[{"href":"https:\/\/aragonalimentacion.com\/en\/wp-json\/wp\/v2\/pages\/4247","targetHints":{"allow":["GET"]}}],"collection":[{"href":"https:\/\/aragonalimentacion.com\/en\/wp-json\/wp\/v2\/pages"}],"about":[{"href":"https:\/\/aragonalimentacion.com\/en\/wp-json\/wp\/v2\/types\/page"}],"author":[{"embeddable":true,"href":"https:\/\/aragonalimentacion.com\/en\/wp-json\/wp\/v2\/users\/1"}],"replies":[{"embeddable":true,"href":"https:\/\/aragonalimentacion.com\/en\/wp-json\/wp\/v2\/comments?post=4247"}],"version-history":[{"count":18,"href":"https:\/\/aragonalimentacion.com\/en\/wp-json\/wp\/v2\/pages\/4247\/revisions"}],"predecessor-version":[{"id":4665,"href":"https:\/\/aragonalimentacion.com\/en\/wp-json\/wp\/v2\/pages\/4247\/revisions\/4665"}],"wp:attachment":[{"href":"https:\/\/aragonalimentacion.com\/en\/wp-json\/wp\/v2\/media?parent=4247"}],"curies":[{"name":"wp","href":"https:\/\/api.w.org\/{rel}","templated":true}]}}