{"id":4249,"date":"2023-07-11T10:19:03","date_gmt":"2023-07-11T08:19:03","guid":{"rendered":"https:\/\/aragonalimentacion.com\/contact\/"},"modified":"2023-11-01T12:29:06","modified_gmt":"2023-11-01T11:29:06","slug":"contact","status":"publish","type":"page","link":"https:\/\/aragonalimentacion.com\/en\/contact\/","title":{"rendered":"Contact"},"content":{"rendered":"\t\t<div data-elementor-type=\"wp-page\" data-elementor-id=\"4249\" class=\"elementor elementor-4249 elementor-2211\" data-elementor-post-type=\"page\">\n\t\t\t\t<div class=\"elementor-element elementor-element-6905b4b e-con-full e-flex e-con e-parent\" data-id=\"6905b4b\" data-element_type=\"container\" data-settings=\"{&quot;jet_parallax_layout_list&quot;:[]}\">\n\t\t\t\t<div class=\"elementor-element elementor-element-0362d9d elementor-widget elementor-widget-image\" data-id=\"0362d9d\" data-element_type=\"widget\" data-widget_type=\"image.default\">\n\t\t\t\t<div class=\"elementor-widget-container\">\n\t\t\t\t\t\t\t\t\t\t\t\t\t\t\t<img fetchpriority=\"high\" decoding=\"async\" width=\"800\" height=\"800\" src=\"https:\/\/aragonalimentacion.com\/wp-content\/uploads\/2023\/07\/banner_banda_archivo.svg\" class=\"attachment-large size-large wp-image-3940\" alt=\"\" \/>\t\t\t\t\t\t\t\t\t\t\t\t\t\t\t<\/div>\n\t\t\t\t<\/div>\n\t\t\t\t<\/div>\n\t\t<div class=\"elementor-element elementor-element-3e2494a e-con-full e-flex e-con e-parent\" data-id=\"3e2494a\" data-element_type=\"container\" data-settings=\"{&quot;jet_parallax_layout_list&quot;:[],&quot;background_background&quot;:&quot;classic&quot;}\">\n\t\t<div class=\"elementor-element elementor-element-1e08d90 e-flex e-con-boxed e-con e-parent\" data-id=\"1e08d90\" data-element_type=\"container\" data-settings=\"{&quot;background_background&quot;:&quot;classic&quot;,&quot;jet_parallax_layout_list&quot;:[]}\">\n\t\t\t\t\t<div class=\"e-con-inner\">\n\t\t<div class=\"elementor-element elementor-element-f117c8d e-con-full e-flex e-con e-parent\" data-id=\"f117c8d\" data-element_type=\"container\" data-settings=\"{&quot;jet_parallax_layout_list&quot;:[]}\">\n\t\t\t\t<div class=\"elementor-element elementor-element-4078495 elementor-widget elementor-widget-heading\" data-id=\"4078495\" data-element_type=\"widget\" data-widget_type=\"heading.default\">\n\t\t\t\t<div class=\"elementor-widget-container\">\n\t\t\t\t\t<h1 class=\"elementor-heading-title elementor-size-default\">Contact<\/h1>\t\t\t\t<\/div>\n\t\t\t\t<\/div>\n\t\t\t\t<div class=\"elementor-element elementor-element-0082d36 elementor-widget elementor-widget-heading\" data-id=\"0082d36\" data-element_type=\"widget\" data-widget_type=\"heading.default\">\n\t\t\t\t<div class=\"elementor-widget-container\">\n\t\t\t\t\t<h3 class=\"elementor-heading-title elementor-size-default\">Send us your question or request information through the following form and we will respond you as soon as possible.<\/h3>\t\t\t\t<\/div>\n\t\t\t\t<\/div>\n\t\t\t\t<\/div>\n\t\t<div class=\"elementor-element elementor-element-e559d54 e-con-full e-flex e-con e-parent\" data-id=\"e559d54\" data-element_type=\"container\" data-settings=\"{&quot;jet_parallax_layout_list&quot;:[]}\">\n\t\t\t\t<div class=\"elementor-element elementor-element-b92d42c elementor-button-align-stretch elementor-widget elementor-widget-form\" data-id=\"b92d42c\" data-element_type=\"widget\" data-settings=\"{&quot;step_next_label&quot;:&quot;Next&quot;,&quot;step_previous_label&quot;:&quot;Previous&quot;,&quot;button_width&quot;:&quot;100&quot;,&quot;step_type&quot;:&quot;number_text&quot;,&quot;step_icon_shape&quot;:&quot;circle&quot;}\" data-widget_type=\"form.default\">\n\t\t\t\t<div class=\"elementor-widget-container\">\n\t\t\t\t\t\t\t<form class=\"elementor-form\" method=\"post\" id=\"contactform\" name=\"contacform\" aria-label=\"contacform\">\n\t\t\t<input type=\"hidden\" name=\"post_id\" value=\"4249\"\/>\n\t\t\t<input type=\"hidden\" name=\"form_id\" value=\"b92d42c\"\/>\n\t\t\t<input type=\"hidden\" name=\"referer_title\" value=\"Contact - Food\u2022Nutrition Aragon Cluster\" \/>\n\n\t\t\t\t\t\t\t<input type=\"hidden\" name=\"queried_id\" value=\"4249\"\/>\n\t\t\t\n\t\t\t<div class=\"elementor-form-fields-wrapper elementor-labels-\">\n\t\t\t\t\t\t\t\t<div class=\"elementor-field-type-text elementor-field-group elementor-column elementor-field-group-entidad elementor-col-50 elementor-field-required\">\n\t\t\t\t\t\t\t\t\t\t\t\t<label for=\"form-field-entidad\" class=\"elementor-field-label elementor-screen-only\">\n\t\t\t\t\t\t\t\tEntity\t\t\t\t\t\t\t<\/label>\n\t\t\t\t\t\t\t\t\t\t\t\t\t\t<input size=\"1\" type=\"text\" name=\"form_fields[entidad]\" id=\"form-field-entidad\" class=\"elementor-field elementor-size-sm  elementor-field-textual\" placeholder=\"Entity\" required=\"required\">\n\t\t\t\t\t\t\t\t\t\t\t<\/div>\n\t\t\t\t\t\t\t\t<div class=\"elementor-field-type-text elementor-field-group elementor-column elementor-field-group-persona_contacto elementor-col-50\">\n\t\t\t\t\t\t\t\t\t\t\t\t<label for=\"form-field-persona_contacto\" class=\"elementor-field-label elementor-screen-only\">\n\t\t\t\t\t\t\t\tContact person\t\t\t\t\t\t\t<\/label>\n\t\t\t\t\t\t\t\t\t\t\t\t\t\t<input size=\"1\" type=\"text\" name=\"form_fields[persona_contacto]\" id=\"form-field-persona_contacto\" class=\"elementor-field elementor-size-sm  elementor-field-textual\" placeholder=\"Contact person\">\n\t\t\t\t\t\t\t\t\t\t\t<\/div>\n\t\t\t\t\t\t\t\t<div class=\"elementor-field-type-email elementor-field-group elementor-column elementor-field-group-email elementor-col-50 elementor-field-required\">\n\t\t\t\t\t\t\t\t\t\t\t\t<label for=\"form-field-email\" class=\"elementor-field-label elementor-screen-only\">\n\t\t\t\t\t\t\t\tEmail\t\t\t\t\t\t\t<\/label>\n\t\t\t\t\t\t\t\t\t\t\t\t\t\t<input size=\"1\" type=\"email\" name=\"form_fields[email]\" id=\"form-field-email\" class=\"elementor-field elementor-size-sm  elementor-field-textual\" placeholder=\"Email\" required=\"required\">\n\t\t\t\t\t\t\t\t\t\t\t<\/div>\n\t\t\t\t\t\t\t\t<div class=\"elementor-field-type-tel elementor-field-group elementor-column elementor-field-group-telefono elementor-col-50 elementor-field-required\">\n\t\t\t\t\t\t\t\t\t\t\t\t<label for=\"form-field-telefono\" class=\"elementor-field-label elementor-screen-only\">\n\t\t\t\t\t\t\t\tPhone\t\t\t\t\t\t\t<\/label>\n\t\t\t\t\t\t\t\t<input size=\"1\" type=\"tel\" name=\"form_fields[telefono]\" id=\"form-field-telefono\" class=\"elementor-field elementor-size-sm  elementor-field-textual\" placeholder=\"Phone\" required=\"required\" pattern=\"[0-9()#&amp;+*-=.]+\" title=\"Only numbers and phone characters (#, -, *, etc) are accepted.\">\n\n\t\t\t\t\t\t<\/div>\n\t\t\t\t\t\t\t\t<div class=\"elementor-field-type-recaptcha_v3 elementor-field-group elementor-column elementor-field-group-captcha3 elementor-col-100 recaptcha_v3-bottomright\">\n\t\t\t\t\t<div class=\"elementor-field\" id=\"form-field-captcha3\"><div class=\"elementor-g-recaptcha\" data-sitekey=\"6LegLCQaAAAAAM06MuOauywintZUtiLeAWegX7Vi\" data-type=\"v3\" data-action=\"Form\" data-badge=\"bottomright\" data-size=\"invisible\"><\/div><\/div>\t\t\t\t<\/div>\n\t\t\t\t\t\t\t\t<div class=\"elementor-field-type-checkbox elementor-field-group elementor-column elementor-field-group-aceptacion elementor-col-50\">\n\t\t\t\t\t\t\t\t\t\t\t\t<label for=\"form-field-aceptacion\" class=\"elementor-field-label elementor-screen-only\">\n\t\t\t\t\t\t\t\tAceptaci\u00f3n\t\t\t\t\t\t\t<\/label>\n\t\t\t\t\t\t<div class=\"elementor-field-subgroup  \"><span class=\"elementor-field-option\"><input type=\"checkbox\" value=\"&lt;p class=&quot;acepto&quot;&gt;I accept the processing of my personal data &lt;a href=&quot;https:\/\/aragonalimentacion.com\/en\/privacy-policy\/&quot; target=&quot;_blank&quot; rel=&quot;noopener&quot;&gt;(See conditions)&lt;\/a&gt;*. This website is protected by reCAPTCHA and Google &lt;a href=&quot;https:\/\/policies.google.com\/privacy&quot; target=&quot;_blank&quot;&gt;Privacy Policy&lt;\/a&gt; y &lt;a href=&quot;https:\/\/policies.google.com\/terms&quot; target=&quot;_blank&quot;&gt;Terms of Service&lt;\/a&gt; applicable. &lt;a href=&quot;https:\/\/aragonalimentacion.com\/en\/legal-warning\/&quot;&gt;Informative clause on the processing of personal data&lt;\/a&gt;&lt;\/p&gt;\" id=\"form-field-aceptacion-0\" name=\"form_fields[aceptacion]\"> <label for=\"form-field-aceptacion-0\"><p class=\"acepto\">I accept the processing of my personal data <a href=\"https:\/\/aragonalimentacion.com\/en\/privacy-policy\/\" target=\"_blank\" rel=\"noopener\">(See conditions)<\/a>*. This website is protected by reCAPTCHA and Google <a href=\"https:\/\/policies.google.com\/privacy\" target=\"_blank\">Privacy Policy<\/a> y <a href=\"https:\/\/policies.google.com\/terms\" target=\"_blank\">Terms of Service<\/a> applicable. <a href=\"https:\/\/aragonalimentacion.com\/en\/legal-warning\/\">Informative clause on the processing of personal data<\/a><\/p><\/label><\/span><\/div>\t\t\t\t<\/div>\n\t\t\t\t\t\t\t\t<div class=\"elementor-field-group elementor-column elementor-field-type-submit elementor-col-100 e-form__buttons\">\n\t\t\t\t\t<button class=\"elementor-button elementor-size-sm\" type=\"submit\" id=\"contac_form_submit\">\n\t\t\t\t\t\t<span class=\"elementor-button-content-wrapper\">\n\t\t\t\t\t\t\t\t\t\t\t\t\t\t\t\t\t\t\t\t\t\t<span class=\"elementor-button-text\">Send<\/span>\n\t\t\t\t\t\t\t\t\t\t\t\t\t<\/span>\n\t\t\t\t\t<\/button>\n\t\t\t\t<\/div>\n\t\t\t<\/div>\n\t\t<\/form>\n\t\t\t\t\t\t<\/div>\n\t\t\t\t<\/div>\n\t\t\t\t<\/div>\n\t\t\t\t\t<\/div>\n\t\t\t\t<\/div>\n\t\t\t\t<\/div>\n\t\t\t\t<\/div>\n\t\t","protected":false},"excerpt":{"rendered":"<p>Contact Send us your question or request information through the following form and we will respond you as soon as possible.<\/p>\n","protected":false},"author":1,"featured_media":0,"parent":0,"menu_order":0,"comment_status":"closed","ping_status":"closed","template":"","meta":{"inline_featured_image":false,"footnotes":""},"class_list":["post-4249","page","type-page","status-publish","hentry"],"yoast_head":"<!-- This site is optimized with the Yoast SEO plugin v26.8 - https:\/\/yoast.com\/product\/yoast-seo-wordpress\/ -->\n<title>Contact - Food\u2022Nutrition Aragon Cluster<\/title>\n<meta name=\"robots\" content=\"index, follow, max-snippet:-1, max-image-preview:large, max-video-preview:-1\" \/>\n<link rel=\"canonical\" href=\"https:\/\/aragonalimentacion.com\/contactar\/\" \/>\n<meta property=\"og:locale\" content=\"en_US\" \/>\n<meta property=\"og:type\" content=\"article\" \/>\n<meta property=\"og:title\" content=\"Contact - Food\u2022Nutrition Aragon Cluster\" \/>\n<meta property=\"og:description\" content=\"Contact Send us your question or request information through the following form and we will respond you as soon as possible.\" \/>\n<meta property=\"og:url\" content=\"https:\/\/aragonalimentacion.com\/contactar\/\" \/>\n<meta property=\"og:site_name\" content=\"Food\u2022Nutrition Aragon Cluster\" \/>\n<meta property=\"article:modified_time\" content=\"2023-11-01T11:29:06+00:00\" \/>\n<meta property=\"og:image\" content=\"https:\/\/aragonalimentacion.com\/wp-content\/uploads\/2023\/07\/banner_banda_archivo.svg\" \/>\n<meta name=\"twitter:card\" content=\"summary_large_image\" \/>\n<meta name=\"twitter:site\" content=\"@alimentacluster\" \/>\n<script type=\"application\/ld+json\" class=\"yoast-schema-graph\">{\"@context\":\"https:\/\/schema.org\",\"@graph\":[{\"@type\":\"WebPage\",\"@id\":\"https:\/\/aragonalimentacion.com\/contactar\/\",\"url\":\"https:\/\/aragonalimentacion.com\/contactar\/\",\"name\":\"Contact - Food\u2022Nutrition Aragon Cluster\",\"isPartOf\":{\"@id\":\"https:\/\/aragonalimentacion.com\/#website\"},\"primaryImageOfPage\":{\"@id\":\"https:\/\/aragonalimentacion.com\/contactar\/#primaryimage\"},\"image\":{\"@id\":\"https:\/\/aragonalimentacion.com\/contactar\/#primaryimage\"},\"thumbnailUrl\":\"https:\/\/aragonalimentacion.com\/wp-content\/uploads\/2023\/07\/banner_banda_archivo.svg\",\"datePublished\":\"2023-07-11T08:19:03+00:00\",\"dateModified\":\"2023-11-01T11:29:06+00:00\",\"breadcrumb\":{\"@id\":\"https:\/\/aragonalimentacion.com\/contactar\/#breadcrumb\"},\"inLanguage\":\"en-US\",\"potentialAction\":[{\"@type\":\"ReadAction\",\"target\":[\"https:\/\/aragonalimentacion.com\/contactar\/\"]}]},{\"@type\":\"ImageObject\",\"inLanguage\":\"en-US\",\"@id\":\"https:\/\/aragonalimentacion.com\/contactar\/#primaryimage\",\"url\":\"https:\/\/aragonalimentacion.com\/wp-content\/uploads\/2023\/07\/banner_banda_archivo.svg\",\"contentUrl\":\"https:\/\/aragonalimentacion.com\/wp-content\/uploads\/2023\/07\/banner_banda_archivo.svg\"},{\"@type\":\"BreadcrumbList\",\"@id\":\"https:\/\/aragonalimentacion.com\/contactar\/#breadcrumb\",\"itemListElement\":[{\"@type\":\"ListItem\",\"position\":1,\"name\":\"Home\",\"item\":\"https:\/\/aragonalimentacion.com\/en\/\"},{\"@type\":\"ListItem\",\"position\":2,\"name\":\"Contact\"}]},{\"@type\":\"WebSite\",\"@id\":\"https:\/\/aragonalimentacion.com\/#website\",\"url\":\"https:\/\/aragonalimentacion.com\/\",\"name\":\"Cl\u00faster de Alimentaci\u00f3n y Nutrici\u00f3n de Arag\u00f3n\",\"description\":\"Potenciamos la innovaci\u00f3n, el desarrollo sostenible y la internacionalizaci\u00f3n de la industria alimentaria de Arag\u00f3n\",\"publisher\":{\"@id\":\"https:\/\/aragonalimentacion.com\/#organization\"},\"potentialAction\":[{\"@type\":\"SearchAction\",\"target\":{\"@type\":\"EntryPoint\",\"urlTemplate\":\"https:\/\/aragonalimentacion.com\/?s={search_term_string}\"},\"query-input\":{\"@type\":\"PropertyValueSpecification\",\"valueRequired\":true,\"valueName\":\"search_term_string\"}}],\"inLanguage\":\"en-US\"},{\"@type\":\"Organization\",\"@id\":\"https:\/\/aragonalimentacion.com\/#organization\",\"name\":\"Cl\u00faster de Alimentaci\u00f3n y Nutrici\u00f3n de Arag\u00f3n\",\"url\":\"https:\/\/aragonalimentacion.com\/\",\"logo\":{\"@type\":\"ImageObject\",\"inLanguage\":\"en-US\",\"@id\":\"https:\/\/aragonalimentacion.com\/#\/schema\/logo\/image\/\",\"url\":\"https:\/\/aragonalimentacion.com\/wp-content\/uploads\/2023\/07\/logo_aragon_positivo.svg\",\"contentUrl\":\"https:\/\/aragonalimentacion.com\/wp-content\/uploads\/2023\/07\/logo_aragon_positivo.svg\",\"width\":981.67,\"height\":730.49,\"caption\":\"Cl\u00faster de Alimentaci\u00f3n y Nutrici\u00f3n de Arag\u00f3n\"},\"image\":{\"@id\":\"https:\/\/aragonalimentacion.com\/#\/schema\/logo\/image\/\"},\"sameAs\":[\"https:\/\/x.com\/alimentacluster\",\"https:\/\/es.linkedin.com\/company\/cluster-aragones-de-alimentacion\"]}]}<\/script>\n<!-- \/ Yoast SEO plugin. -->","yoast_head_json":{"title":"Contact - Food\u2022Nutrition Aragon Cluster","robots":{"index":"index","follow":"follow","max-snippet":"max-snippet:-1","max-image-preview":"max-image-preview:large","max-video-preview":"max-video-preview:-1"},"canonical":"https:\/\/aragonalimentacion.com\/contactar\/","og_locale":"en_US","og_type":"article","og_title":"Contact - Food\u2022Nutrition Aragon Cluster","og_description":"Contact Send us your question or request information through the following form and we will respond you as soon as possible.","og_url":"https:\/\/aragonalimentacion.com\/contactar\/","og_site_name":"Food\u2022Nutrition Aragon Cluster","article_modified_time":"2023-11-01T11:29:06+00:00","og_image":[{"url":"https:\/\/aragonalimentacion.com\/wp-content\/uploads\/2023\/07\/banner_banda_archivo.svg","type":"","width":"","height":""}],"twitter_card":"summary_large_image","twitter_site":"@alimentacluster","schema":{"@context":"https:\/\/schema.org","@graph":[{"@type":"WebPage","@id":"https:\/\/aragonalimentacion.com\/contactar\/","url":"https:\/\/aragonalimentacion.com\/contactar\/","name":"Contact - Food\u2022Nutrition Aragon Cluster","isPartOf":{"@id":"https:\/\/aragonalimentacion.com\/#website"},"primaryImageOfPage":{"@id":"https:\/\/aragonalimentacion.com\/contactar\/#primaryimage"},"image":{"@id":"https:\/\/aragonalimentacion.com\/contactar\/#primaryimage"},"thumbnailUrl":"https:\/\/aragonalimentacion.com\/wp-content\/uploads\/2023\/07\/banner_banda_archivo.svg","datePublished":"2023-07-11T08:19:03+00:00","dateModified":"2023-11-01T11:29:06+00:00","breadcrumb":{"@id":"https:\/\/aragonalimentacion.com\/contactar\/#breadcrumb"},"inLanguage":"en-US","potentialAction":[{"@type":"ReadAction","target":["https:\/\/aragonalimentacion.com\/contactar\/"]}]},{"@type":"ImageObject","inLanguage":"en-US","@id":"https:\/\/aragonalimentacion.com\/contactar\/#primaryimage","url":"https:\/\/aragonalimentacion.com\/wp-content\/uploads\/2023\/07\/banner_banda_archivo.svg","contentUrl":"https:\/\/aragonalimentacion.com\/wp-content\/uploads\/2023\/07\/banner_banda_archivo.svg"},{"@type":"BreadcrumbList","@id":"https:\/\/aragonalimentacion.com\/contactar\/#breadcrumb","itemListElement":[{"@type":"ListItem","position":1,"name":"Home","item":"https:\/\/aragonalimentacion.com\/en\/"},{"@type":"ListItem","position":2,"name":"Contact"}]},{"@type":"WebSite","@id":"https:\/\/aragonalimentacion.com\/#website","url":"https:\/\/aragonalimentacion.com\/","name":"Cl\u00faster de Alimentaci\u00f3n y Nutrici\u00f3n de Arag\u00f3n","description":"Potenciamos la innovaci\u00f3n, el desarrollo sostenible y la internacionalizaci\u00f3n de la industria alimentaria de Arag\u00f3n","publisher":{"@id":"https:\/\/aragonalimentacion.com\/#organization"},"potentialAction":[{"@type":"SearchAction","target":{"@type":"EntryPoint","urlTemplate":"https:\/\/aragonalimentacion.com\/?s={search_term_string}"},"query-input":{"@type":"PropertyValueSpecification","valueRequired":true,"valueName":"search_term_string"}}],"inLanguage":"en-US"},{"@type":"Organization","@id":"https:\/\/aragonalimentacion.com\/#organization","name":"Cl\u00faster de Alimentaci\u00f3n y Nutrici\u00f3n de Arag\u00f3n","url":"https:\/\/aragonalimentacion.com\/","logo":{"@type":"ImageObject","inLanguage":"en-US","@id":"https:\/\/aragonalimentacion.com\/#\/schema\/logo\/image\/","url":"https:\/\/aragonalimentacion.com\/wp-content\/uploads\/2023\/07\/logo_aragon_positivo.svg","contentUrl":"https:\/\/aragonalimentacion.com\/wp-content\/uploads\/2023\/07\/logo_aragon_positivo.svg","width":981.67,"height":730.49,"caption":"Cl\u00faster de Alimentaci\u00f3n y Nutrici\u00f3n de Arag\u00f3n"},"image":{"@id":"https:\/\/aragonalimentacion.com\/#\/schema\/logo\/image\/"},"sameAs":["https:\/\/x.com\/alimentacluster","https:\/\/es.linkedin.com\/company\/cluster-aragones-de-alimentacion"]}]}},"_links":{"self":[{"href":"https:\/\/aragonalimentacion.com\/en\/wp-json\/wp\/v2\/pages\/4249","targetHints":{"allow":["GET"]}}],"collection":[{"href":"https:\/\/aragonalimentacion.com\/en\/wp-json\/wp\/v2\/pages"}],"about":[{"href":"https:\/\/aragonalimentacion.com\/en\/wp-json\/wp\/v2\/types\/page"}],"author":[{"embeddable":true,"href":"https:\/\/aragonalimentacion.com\/en\/wp-json\/wp\/v2\/users\/1"}],"replies":[{"embeddable":true,"href":"https:\/\/aragonalimentacion.com\/en\/wp-json\/wp\/v2\/comments?post=4249"}],"version-history":[{"count":1,"href":"https:\/\/aragonalimentacion.com\/en\/wp-json\/wp\/v2\/pages\/4249\/revisions"}],"predecessor-version":[{"id":4250,"href":"https:\/\/aragonalimentacion.com\/en\/wp-json\/wp\/v2\/pages\/4249\/revisions\/4250"}],"wp:attachment":[{"href":"https:\/\/aragonalimentacion.com\/en\/wp-json\/wp\/v2\/media?parent=4249"}],"curies":[{"name":"wp","href":"https:\/\/api.w.org\/{rel}","templated":true}]}}