{"id":4378,"date":"2023-07-24T19:28:32","date_gmt":"2023-07-24T17:28:32","guid":{"rendered":"https:\/\/aragonalimentacion.com\/?page_id=4378"},"modified":"2023-09-13T08:55:55","modified_gmt":"2023-09-13T06:55:55","slug":"privacy-policy","status":"publish","type":"page","link":"https:\/\/aragonalimentacion.com\/en\/privacy-policy\/","title":{"rendered":"Privacy Policy"},"content":{"rendered":"\t\t<div data-elementor-type=\"wp-page\" data-elementor-id=\"4378\" class=\"elementor elementor-4378 elementor-2849\" data-elementor-post-type=\"page\">\n\t\t\t\t<div class=\"elementor-element elementor-element-6905b4b e-con-full e-flex e-con e-parent\" data-id=\"6905b4b\" data-element_type=\"container\" data-settings=\"{&quot;jet_parallax_layout_list&quot;:[]}\">\n\t\t\t\t<div class=\"elementor-element elementor-element-0362d9d elementor-widget elementor-widget-image\" data-id=\"0362d9d\" data-element_type=\"widget\" data-widget_type=\"image.default\">\n\t\t\t\t<div class=\"elementor-widget-container\">\n\t\t\t\t\t\t\t\t\t\t\t\t\t\t\t<img fetchpriority=\"high\" decoding=\"async\" width=\"800\" height=\"800\" src=\"https:\/\/aragonalimentacion.com\/wp-content\/uploads\/2023\/07\/banner_banda_archivo.svg\" class=\"attachment-large size-large wp-image-3940\" alt=\"\" \/>\t\t\t\t\t\t\t\t\t\t\t\t\t\t\t<\/div>\n\t\t\t\t<\/div>\n\t\t\t\t<\/div>\n\t\t<div class=\"elementor-element elementor-element-3e2494a e-con-full e-flex e-con e-parent\" data-id=\"3e2494a\" data-element_type=\"container\" data-settings=\"{&quot;jet_parallax_layout_list&quot;:[]}\">\n\t\t<div class=\"elementor-element elementor-element-1e08d90 e-flex e-con-boxed e-con e-parent\" data-id=\"1e08d90\" data-element_type=\"container\" data-settings=\"{&quot;background_background&quot;:&quot;classic&quot;,&quot;jet_parallax_layout_list&quot;:[]}\">\n\t\t\t\t\t<div class=\"e-con-inner\">\n\t\t\t\t<div class=\"elementor-element elementor-element-4078495 elementor-widget elementor-widget-heading\" data-id=\"4078495\" data-element_type=\"widget\" data-widget_type=\"heading.default\">\n\t\t\t\t<div class=\"elementor-widget-container\">\n\t\t\t\t\t<h1 class=\"elementor-heading-title elementor-size-default\">Privacy Policy<\/h1>\t\t\t\t<\/div>\n\t\t\t\t<\/div>\n\t\t\t\t\t<\/div>\n\t\t\t\t<\/div>\n\t\t\t\t<\/div>\n\t\t<div class=\"elementor-element elementor-element-97774a5 e-flex e-con-boxed e-con e-parent\" data-id=\"97774a5\" data-element_type=\"container\" data-settings=\"{&quot;background_background&quot;:&quot;classic&quot;,&quot;jet_parallax_layout_list&quot;:[]}\">\n\t\t\t\t\t<div class=\"e-con-inner\">\n\t\t\t\t<div class=\"elementor-element elementor-element-8723906 elementor-widget elementor-widget-html\" data-id=\"8723906\" data-element_type=\"widget\" data-widget_type=\"html.default\">\n\t\t\t\t<div class=\"elementor-widget-container\">\n\t\t\t\t\t<div class=\"textolegal\" style=\"width: 80%; margin: 0 auto; margin-top: 40px;\">\n    <p>The content of the privacy policy, in compliance with the General Data Protection Regulation (EU)\n 2016\/679 of the European Parliament and of the Council of April 27, 2016 and organic law 3\/2018 of December 5\n of Personal Data Protection and Guarantee of Digital Rights, we inform you that: <\/p>\n    <p>The company that owns this domain and is responsible for the treatment of the aragonalimentacion.com website is Arag\u00f3n Innovalimen, with address for these purposes at Edificio Centrorigen. Mercazaragoza n\u00ba65. Carretera Cogullada - 50014 Zaragoza - Espa\u00f1a, n\u00famero de C.I.F.: G99351751. Data Protection Email: cluster@aragonalimentacion.com. The person responsible for the treatment,\n Arag\u00f3n Innovalimen, in order to manage the collection of your data when using our forms.\n In the contact forms existing on the website, where personal data is collected, the user\n You must expressly consent and prior to sending them, the acceptance and knowledge of\n the privacy policy by completing the check \u201cI have read and accept the privacy policy\u201d and\n whose content you can access through the attached link that this legal notice will send you. If he\n check field is not marked by the user, the data contained in said data will not be sent.\n forms. I understand that I am giving my permission for the use and processing of my personal data as well as\n the information requested or to be contracted.<\/p>\n    <p> The legal basis for the processing of your data is the consent given by you, your consent is\n may be revoked at any time by you or your legal representative. We will keep your data for as long as\n strictly necessary to respond to legal requirements.<\/p>\n    <p> The data will not be transferred to third parties except in cases where there is a legal obligation. Transfers are not planned\n data transfers to third countries. <\/p>\n    <p>You can exercise your rights of access, rectification, deletion and portability of your data, and the limitation or\n opposition to its treatment through the email cluster@aragonalimentacion.com or at the postal address Edificio Centrorigen. Mercazaragoza n\u00ba65. Carretera Cogullada - 50014 Zaragoza - Espa\u00f1a\n.<\/p>\n    <p>Likewise, you could file a claim with the Control Authority at www.aepd.es. Your data has been\n directly provided by you through the website, we process your identification data, address\n postal address, email address, commercial address of our requested services. the website, we process your identification data, address<\/p>\n    <p><\/p>\n<\/div>\n<style>\n.textolegal{\n    font-family: \"Quicksand\",sans-serif;\n    font-weight: 600;\n    color: #77827E;\n    font-size: 18px;\n    }\n.textolegal h5 {\n    color: #75B9C0;\n    font-family: \"Quicksand\", Sans-serif;\n    font-size: 1.2rem;\n    font-weight: 600;\n}\n<\/style>\n\t\t\t\t<\/div>\n\t\t\t\t<\/div>\n\t\t\t\t\t<\/div>\n\t\t\t\t<\/div>\n\t\t\t\t<\/div>\n\t\t","protected":false},"excerpt":{"rendered":"<p>Privacy Policy The content of the privacy policy, in compliance with the General Data Protection Regulation (EU) 2016\/679 of the European Parliament and of the Council of April 27, 2016 and organic law 3\/2018 of December 5 of Personal Data Protection and Guarantee of Digital Rights, we inform you that: The company that owns this [&hellip;]<\/p>\n","protected":false},"author":1,"featured_media":0,"parent":0,"menu_order":0,"comment_status":"closed","ping_status":"closed","template":"","meta":{"inline_featured_image":false,"footnotes":""},"class_list":["post-4378","page","type-page","status-publish","hentry"],"yoast_head":"<!-- This site is optimized with the Yoast SEO plugin v26.8 - https:\/\/yoast.com\/product\/yoast-seo-wordpress\/ -->\n<title>Privacy Policy - Food\u2022Nutrition Aragon Cluster<\/title>\n<meta name=\"robots\" content=\"index, follow, max-snippet:-1, max-image-preview:large, max-video-preview:-1\" \/>\n<link rel=\"canonical\" href=\"https:\/\/aragonalimentacion.com\/politica-de-privacidad\/\" \/>\n<meta property=\"og:locale\" content=\"en_US\" \/>\n<meta property=\"og:type\" content=\"article\" \/>\n<meta property=\"og:title\" content=\"Privacy Policy - Food\u2022Nutrition Aragon Cluster\" \/>\n<meta property=\"og:description\" content=\"Privacy Policy The content of the privacy policy, in compliance with the General Data Protection Regulation (EU) 2016\/679 of the European Parliament and of the Council of April 27, 2016 and organic law 3\/2018 of December 5 of Personal Data Protection and Guarantee of Digital Rights, we inform you that: The company that owns this [&hellip;]\" \/>\n<meta property=\"og:url\" content=\"https:\/\/aragonalimentacion.com\/politica-de-privacidad\/\" \/>\n<meta property=\"og:site_name\" content=\"Food\u2022Nutrition Aragon Cluster\" \/>\n<meta property=\"article:modified_time\" content=\"2023-09-13T06:55:55+00:00\" \/>\n<meta property=\"og:image\" content=\"https:\/\/aragonalimentacion.com\/wp-content\/uploads\/2023\/07\/banner_banda_archivo.svg\" \/>\n<meta name=\"twitter:card\" content=\"summary_large_image\" \/>\n<meta name=\"twitter:site\" content=\"@alimentacluster\" \/>\n<meta name=\"twitter:label1\" content=\"Est. reading time\" \/>\n\t<meta name=\"twitter:data1\" content=\"2 minutes\" \/>\n<script type=\"application\/ld+json\" class=\"yoast-schema-graph\">{\"@context\":\"https:\/\/schema.org\",\"@graph\":[{\"@type\":\"WebPage\",\"@id\":\"https:\/\/aragonalimentacion.com\/politica-de-privacidad\/\",\"url\":\"https:\/\/aragonalimentacion.com\/politica-de-privacidad\/\",\"name\":\"Privacy Policy - Food\u2022Nutrition Aragon Cluster\",\"isPartOf\":{\"@id\":\"https:\/\/aragonalimentacion.com\/#website\"},\"primaryImageOfPage\":{\"@id\":\"https:\/\/aragonalimentacion.com\/politica-de-privacidad\/#primaryimage\"},\"image\":{\"@id\":\"https:\/\/aragonalimentacion.com\/politica-de-privacidad\/#primaryimage\"},\"thumbnailUrl\":\"https:\/\/aragonalimentacion.com\/wp-content\/uploads\/2023\/07\/banner_banda_archivo.svg\",\"datePublished\":\"2023-07-24T17:28:32+00:00\",\"dateModified\":\"2023-09-13T06:55:55+00:00\",\"breadcrumb\":{\"@id\":\"https:\/\/aragonalimentacion.com\/politica-de-privacidad\/#breadcrumb\"},\"inLanguage\":\"en-US\",\"potentialAction\":[{\"@type\":\"ReadAction\",\"target\":[\"https:\/\/aragonalimentacion.com\/politica-de-privacidad\/\"]}]},{\"@type\":\"ImageObject\",\"inLanguage\":\"en-US\",\"@id\":\"https:\/\/aragonalimentacion.com\/politica-de-privacidad\/#primaryimage\",\"url\":\"https:\/\/aragonalimentacion.com\/wp-content\/uploads\/2023\/07\/banner_banda_archivo.svg\",\"contentUrl\":\"https:\/\/aragonalimentacion.com\/wp-content\/uploads\/2023\/07\/banner_banda_archivo.svg\"},{\"@type\":\"BreadcrumbList\",\"@id\":\"https:\/\/aragonalimentacion.com\/politica-de-privacidad\/#breadcrumb\",\"itemListElement\":[{\"@type\":\"ListItem\",\"position\":1,\"name\":\"Home\",\"item\":\"https:\/\/aragonalimentacion.com\/en\/\"},{\"@type\":\"ListItem\",\"position\":2,\"name\":\"Privacy Policy\"}]},{\"@type\":\"WebSite\",\"@id\":\"https:\/\/aragonalimentacion.com\/#website\",\"url\":\"https:\/\/aragonalimentacion.com\/\",\"name\":\"Cl\u00faster de Alimentaci\u00f3n y Nutrici\u00f3n de Arag\u00f3n\",\"description\":\"Potenciamos la innovaci\u00f3n, el desarrollo sostenible y la internacionalizaci\u00f3n de la industria alimentaria de Arag\u00f3n\",\"publisher\":{\"@id\":\"https:\/\/aragonalimentacion.com\/#organization\"},\"potentialAction\":[{\"@type\":\"SearchAction\",\"target\":{\"@type\":\"EntryPoint\",\"urlTemplate\":\"https:\/\/aragonalimentacion.com\/?s={search_term_string}\"},\"query-input\":{\"@type\":\"PropertyValueSpecification\",\"valueRequired\":true,\"valueName\":\"search_term_string\"}}],\"inLanguage\":\"en-US\"},{\"@type\":\"Organization\",\"@id\":\"https:\/\/aragonalimentacion.com\/#organization\",\"name\":\"Cl\u00faster de Alimentaci\u00f3n y Nutrici\u00f3n de Arag\u00f3n\",\"url\":\"https:\/\/aragonalimentacion.com\/\",\"logo\":{\"@type\":\"ImageObject\",\"inLanguage\":\"en-US\",\"@id\":\"https:\/\/aragonalimentacion.com\/#\/schema\/logo\/image\/\",\"url\":\"https:\/\/aragonalimentacion.com\/wp-content\/uploads\/2023\/07\/logo_aragon_positivo.svg\",\"contentUrl\":\"https:\/\/aragonalimentacion.com\/wp-content\/uploads\/2023\/07\/logo_aragon_positivo.svg\",\"width\":981.67,\"height\":730.49,\"caption\":\"Cl\u00faster de Alimentaci\u00f3n y Nutrici\u00f3n de Arag\u00f3n\"},\"image\":{\"@id\":\"https:\/\/aragonalimentacion.com\/#\/schema\/logo\/image\/\"},\"sameAs\":[\"https:\/\/x.com\/alimentacluster\",\"https:\/\/es.linkedin.com\/company\/cluster-aragones-de-alimentacion\"]}]}<\/script>\n<!-- \/ Yoast SEO plugin. -->","yoast_head_json":{"title":"Privacy Policy - Food\u2022Nutrition Aragon Cluster","robots":{"index":"index","follow":"follow","max-snippet":"max-snippet:-1","max-image-preview":"max-image-preview:large","max-video-preview":"max-video-preview:-1"},"canonical":"https:\/\/aragonalimentacion.com\/politica-de-privacidad\/","og_locale":"en_US","og_type":"article","og_title":"Privacy Policy - Food\u2022Nutrition Aragon Cluster","og_description":"Privacy Policy The content of the privacy policy, in compliance with the General Data Protection Regulation (EU) 2016\/679 of the European Parliament and of the Council of April 27, 2016 and organic law 3\/2018 of December 5 of Personal Data Protection and Guarantee of Digital Rights, we inform you that: The company that owns this [&hellip;]","og_url":"https:\/\/aragonalimentacion.com\/politica-de-privacidad\/","og_site_name":"Food\u2022Nutrition Aragon Cluster","article_modified_time":"2023-09-13T06:55:55+00:00","og_image":[{"url":"https:\/\/aragonalimentacion.com\/wp-content\/uploads\/2023\/07\/banner_banda_archivo.svg","type":"","width":"","height":""}],"twitter_card":"summary_large_image","twitter_site":"@alimentacluster","twitter_misc":{"Est. reading time":"2 minutes"},"schema":{"@context":"https:\/\/schema.org","@graph":[{"@type":"WebPage","@id":"https:\/\/aragonalimentacion.com\/politica-de-privacidad\/","url":"https:\/\/aragonalimentacion.com\/politica-de-privacidad\/","name":"Privacy Policy - Food\u2022Nutrition Aragon Cluster","isPartOf":{"@id":"https:\/\/aragonalimentacion.com\/#website"},"primaryImageOfPage":{"@id":"https:\/\/aragonalimentacion.com\/politica-de-privacidad\/#primaryimage"},"image":{"@id":"https:\/\/aragonalimentacion.com\/politica-de-privacidad\/#primaryimage"},"thumbnailUrl":"https:\/\/aragonalimentacion.com\/wp-content\/uploads\/2023\/07\/banner_banda_archivo.svg","datePublished":"2023-07-24T17:28:32+00:00","dateModified":"2023-09-13T06:55:55+00:00","breadcrumb":{"@id":"https:\/\/aragonalimentacion.com\/politica-de-privacidad\/#breadcrumb"},"inLanguage":"en-US","potentialAction":[{"@type":"ReadAction","target":["https:\/\/aragonalimentacion.com\/politica-de-privacidad\/"]}]},{"@type":"ImageObject","inLanguage":"en-US","@id":"https:\/\/aragonalimentacion.com\/politica-de-privacidad\/#primaryimage","url":"https:\/\/aragonalimentacion.com\/wp-content\/uploads\/2023\/07\/banner_banda_archivo.svg","contentUrl":"https:\/\/aragonalimentacion.com\/wp-content\/uploads\/2023\/07\/banner_banda_archivo.svg"},{"@type":"BreadcrumbList","@id":"https:\/\/aragonalimentacion.com\/politica-de-privacidad\/#breadcrumb","itemListElement":[{"@type":"ListItem","position":1,"name":"Home","item":"https:\/\/aragonalimentacion.com\/en\/"},{"@type":"ListItem","position":2,"name":"Privacy Policy"}]},{"@type":"WebSite","@id":"https:\/\/aragonalimentacion.com\/#website","url":"https:\/\/aragonalimentacion.com\/","name":"Cl\u00faster de Alimentaci\u00f3n y Nutrici\u00f3n de Arag\u00f3n","description":"Potenciamos la innovaci\u00f3n, el desarrollo sostenible y la internacionalizaci\u00f3n de la industria alimentaria de Arag\u00f3n","publisher":{"@id":"https:\/\/aragonalimentacion.com\/#organization"},"potentialAction":[{"@type":"SearchAction","target":{"@type":"EntryPoint","urlTemplate":"https:\/\/aragonalimentacion.com\/?s={search_term_string}"},"query-input":{"@type":"PropertyValueSpecification","valueRequired":true,"valueName":"search_term_string"}}],"inLanguage":"en-US"},{"@type":"Organization","@id":"https:\/\/aragonalimentacion.com\/#organization","name":"Cl\u00faster de Alimentaci\u00f3n y Nutrici\u00f3n de Arag\u00f3n","url":"https:\/\/aragonalimentacion.com\/","logo":{"@type":"ImageObject","inLanguage":"en-US","@id":"https:\/\/aragonalimentacion.com\/#\/schema\/logo\/image\/","url":"https:\/\/aragonalimentacion.com\/wp-content\/uploads\/2023\/07\/logo_aragon_positivo.svg","contentUrl":"https:\/\/aragonalimentacion.com\/wp-content\/uploads\/2023\/07\/logo_aragon_positivo.svg","width":981.67,"height":730.49,"caption":"Cl\u00faster de Alimentaci\u00f3n y Nutrici\u00f3n de Arag\u00f3n"},"image":{"@id":"https:\/\/aragonalimentacion.com\/#\/schema\/logo\/image\/"},"sameAs":["https:\/\/x.com\/alimentacluster","https:\/\/es.linkedin.com\/company\/cluster-aragones-de-alimentacion"]}]}},"_links":{"self":[{"href":"https:\/\/aragonalimentacion.com\/en\/wp-json\/wp\/v2\/pages\/4378","targetHints":{"allow":["GET"]}}],"collection":[{"href":"https:\/\/aragonalimentacion.com\/en\/wp-json\/wp\/v2\/pages"}],"about":[{"href":"https:\/\/aragonalimentacion.com\/en\/wp-json\/wp\/v2\/types\/page"}],"author":[{"embeddable":true,"href":"https:\/\/aragonalimentacion.com\/en\/wp-json\/wp\/v2\/users\/1"}],"replies":[{"embeddable":true,"href":"https:\/\/aragonalimentacion.com\/en\/wp-json\/wp\/v2\/comments?post=4378"}],"version-history":[{"count":2,"href":"https:\/\/aragonalimentacion.com\/en\/wp-json\/wp\/v2\/pages\/4378\/revisions"}],"predecessor-version":[{"id":4380,"href":"https:\/\/aragonalimentacion.com\/en\/wp-json\/wp\/v2\/pages\/4378\/revisions\/4380"}],"wp:attachment":[{"href":"https:\/\/aragonalimentacion.com\/en\/wp-json\/wp\/v2\/media?parent=4378"}],"curies":[{"name":"wp","href":"https:\/\/api.w.org\/{rel}","templated":true}]}}